
{"id":19950,"date":"2022-09-21T16:42:39","date_gmt":"2022-09-21T16:42:39","guid":{"rendered":"https:\/\/odontointegramx.com\/?page_id=19950"},"modified":"2022-12-13T01:10:10","modified_gmt":"2022-12-13T01:10:10","slug":"blog2-2","status":"publish","type":"page","link":"https:\/\/odontointegramx.com\/index.php\/blog2-2\/","title":{"rendered":"Blog"},"content":{"rendered":"[vc_row][vc_column]<div class=\"edukul-headings clearfix \" data-font=40 data-mfont=30 style=\"\"><h2 class=\"heading clearfix \" style=\"color:#000000;margin-top:120px;font-size:40px;\">\r\n\t\tBlog\r\n\t<\/h2><p class=\"sub-heading clearfix\" style=\"font-style:normal;\">\r\n\t\tEnterate de lo m\u00e1s actual de la Odontolog\u00eda. Las noticias m\u00e1s actualizadas e innovadoras de la Salud Dental.\r\n\t<\/p><\/div>\r\n\t<div class=\"edukul-spacer clearfix\" data-desktop=\"30\" data-mobi=\"20\" data-smobi=\"20\"><\/div>[vc_basic_grid post_type=\u00bbpost\u00bb max_items=\u00bb10&#8243; item=\u00bb19964&#8243; grid_id=\u00bbvc_gid:1663866821784-aa7eb3e1-771d-5&#8243;][\/vc_column][\/vc_row]\n","protected":false},"excerpt":{"rendered":"<p>[vc_row][vc_column][vc_basic_grid post_type=\u00bbpost\u00bb max_items=\u00bb10&#8243; item=\u00bb19964&#8243; grid_id=\u00bbvc_gid:1663866821784-aa7eb3e1-771d-5&#8243;][\/vc_column][\/vc_row]<\/p>\n","protected":false},"author":1,"featured_media":0,"parent":0,"menu_order":0,"comment_status":"closed","ping_status":"closed","template":"","meta":{"footnotes":""},"_links":{"self":[{"href":"https:\/\/odontointegramx.com\/index.php\/wp-json\/wp\/v2\/pages\/19950"}],"collection":[{"href":"https:\/\/odontointegramx.com\/index.php\/wp-json\/wp\/v2\/pages"}],"about":[{"href":"https:\/\/odontointegramx.com\/index.php\/wp-json\/wp\/v2\/types\/page"}],"author":[{"embeddable":true,"href":"https:\/\/odontointegramx.com\/index.php\/wp-json\/wp\/v2\/users\/1"}],"replies":[{"embeddable":true,"href":"https:\/\/odontointegramx.com\/index.php\/wp-json\/wp\/v2\/comments?post=19950"}],"version-history":[{"count":10,"href":"https:\/\/odontointegramx.com\/index.php\/wp-json\/wp\/v2\/pages\/19950\/revisions"}],"predecessor-version":[{"id":19984,"href":"https:\/\/odontointegramx.com\/index.php\/wp-json\/wp\/v2\/pages\/19950\/revisions\/19984"}],"wp:attachment":[{"href":"https:\/\/odontointegramx.com\/index.php\/wp-json\/wp\/v2\/media?parent=19950"}],"curies":[{"name":"wp","href":"https:\/\/api.w.org\/{rel}","templated":true}]}}