
{"id":19200,"date":"2022-08-10T18:57:26","date_gmt":"2022-08-10T18:57:26","guid":{"rendered":"https:\/\/odontointegramx.com\/?page_id=19200"},"modified":"2022-09-21T17:28:19","modified_gmt":"2022-09-21T17:28:19","slug":"nosotros","status":"publish","type":"page","link":"https:\/\/odontointegramx.com\/index.php\/nosotros\/","title":{"rendered":"Nosotros"},"content":{"rendered":"[vc_row full_width=\u00bbstretch_row\u00bb css=\u00bb.vc_custom_1663180532264{margin-top: 40px !important;}\u00bb][vc_column]\r\n\t<div class=\"edukul-spacer clearfix\" data-desktop=\"60\" data-mobi=\"30\" data-smobi=\"30\"><\/div><div class=\"edukul-headings clearfix \" data-font=40 data-mfont=36 style=\"\"><h2 class=\"heading clearfix \" style=\"color:#2d2d2d;margin-top:130px;font-size:40px;\">\r\n\t\tNosotros\r\n\t<\/h2><p class=\"sub-heading clearfix\" style=\"font-style:normal;color:#2d2d2d;font-size:16px;\">\r\n\t\t\u00a1Conoce Odontointegra!\r\n\t<\/p><\/div>\r\n\t<div class=\"edukul-spacer clearfix\" data-desktop=\"30\" data-mobi=\"20\" data-smobi=\"20\"><\/div><div class=\"edukul-content-box clearfix \" data-padding=\"0 55px 0 0\" data-mobipadding=\"0 0 0 0\" data-margin=\"\" data-mobimargin=\"\" >\r\n\t\t<div class=\"inner ctb-563103107\" style=\"background-position:left top;background-repeat:no-repeat;\"  data-background=\"\">\r\n\t\t\t[vc_column_text]\n<div class=\"elementor-element elementor-element-ac58522 ob-has-background-overlay elementor-widget elementor-widget-spacer\" data-id=\"ac58522\" data-element_type=\"widget\" data-settings=\"{&quot;_ob_spacerat_use&quot;:&quot;no&quot;,&quot;_ob_perspektive_use&quot;:&quot;no&quot;,&quot;_ob_poopart_use&quot;:&quot;yes&quot;,&quot;_ob_shadough_use&quot;:&quot;no&quot;,&quot;_ob_allow_hoveranimator&quot;:&quot;no&quot;,&quot;_ob_widget_stalker_use&quot;:&quot;no&quot;}\" data-widget_type=\"spacer.default\">\n<div class=\"elementor-widget-container\">\n<div class=\"elementor-spacer\">\n<div class=\"elementor-spacer-inner\"><\/div>\n<\/div>\n<\/div>\n<\/div>\n<div class=\"elementor-element elementor-element-77472c5 ob-harakiri-inherit ob-has-background-overlay elementor-widget elementor-widget-text-editor ob-harakiri\" data-id=\"77472c5\" data-element_type=\"widget\" data-settings=\"{&quot;_ob_use_harakiri&quot;:&quot;yes&quot;,&quot;_ob_harakiri_writing_mode&quot;:&quot;inherit&quot;,&quot;_ob_postman_use&quot;:&quot;no&quot;,&quot;_ob_perspektive_use&quot;:&quot;no&quot;,&quot;_ob_poopart_use&quot;:&quot;yes&quot;,&quot;_ob_shadough_use&quot;:&quot;no&quot;,&quot;_ob_allow_hoveranimator&quot;:&quot;no&quot;,&quot;_ob_widget_stalker_use&quot;:&quot;no&quot;}\" data-widget_type=\"text-editor.default\">\n<div class=\"elementor-widget-container\">\n<p style=\"text-align: left;\">\u00a1Es un gusto tenerte por aqu\u00ed! M\u00e1s que cursos de odontolog\u00eda, te brindaremos una preparaci\u00f3n integral que aplicar\u00e1s a nivel cl\u00ednico y empresarial en tu consultorio.\u00a0 \u00a0Nuestra labor es ayudarte a seguir desarrollando tu profesi\u00f3n con conocimiento actualizado y brindarte las herramientas para alcanzar tus metas.<\/p>\n<\/div>\n<\/div>\n[\/vc_column_text]\r\n\t<div class=\"edukul-spacer clearfix\" data-desktop=\"60\" data-mobi=\"60\" data-smobi=\"60\"><\/div>\r\n\t\t<\/div>\r\n\t<\/div>[vc_row_inner][vc_column_inner]\r\n\t<div class=\"edukul-spacer clearfix\" data-desktop=\"20\" data-mobi=\"10\" data-smobi=\"10\"><\/div><div class=\"edukul-fancy-img  bg-bottom \" data-in-viewport=\"true\" >\r\n\t\t\t\t<div class=\"edukul-fancy-img-inner\">\r\n\t\t\t\t\t<span class=\"edukul-fancy-img-bg\"><\/span>\r\n\r\n\t\t\t\t\t<div class=\"edukul-fancy-img-holder\" style=\"\">\r\n\t\t\t\t\t\t<img decoding=\"async\" alt=\"image\" src=\"https:\/\/odontointegramx.com\/wp-content\/uploads\/2022\/08\/Odontointegra-e1660157598617.jpg\" \/> \r\n\t\t\t\t\t<\/div>\r\n\t\t\t\t<\/div>\r\n\t\t\t<\/div>\r\n\t<div class=\"edukul-spacer clearfix\" data-desktop=\"60\" data-mobi=\"10\" data-smobi=\"10\"><\/div>\r\n\t<div class=\"edukul-spacer clearfix\" data-desktop=\"20\" data-mobi=\"5\" data-smobi=\"5\"><\/div><div class=\"edukul-headings clearfix \" data-font=55 data-mfont=36 style=\"\"><h2 class=\"heading clearfix \" style=\"color:#2d2d2d;max-width:800px;margin-bottom:25px;font-size:55px;\">\r\n\t\t\u00bfQu\u00e9 es Odontointegra?\r\n\t<\/h2><p class=\"sub-heading clearfix\" style=\"font-style:normal;color:#808080;\">\r\n\t\tSomos el Centro de Educaci\u00f3n Continua para odont\u00f3logos y estomat\u00f3logos que buscan mantenerse a la vanguardia en conocimientos y t\u00e9cnicas dentro del gremio; compartiendo experiencias de aprendizaje a trav\u00e9s de diplomados, seminarios, cursos y eventos para su desarrollo.<\/p>\n<p>Nuestro m\u00e9todo es muy sencillo: reunimos el mejor equipo de instructores para darte una formaci\u00f3n especializada y personal bajo distintos esquemas y modalidades.\r\n\t<\/p><\/div>\r\n\t<div class=\"edukul-spacer clearfix\" data-desktop=\"20\" data-mobi=\"5\" data-smobi=\"5\"><\/div><div class=\"button-wrap icon-right wow fadeInUp\" style=\"\"  data-wow-duration=\"0.75s\" data-wow-delay=\"0.3s\"><a href=\"https:\/\/odontointegramx.com\/index.php\/oferta-academica\/\" target=\"_self\" class=\"edukul-button btn-2093732026 medium icon_style_1 custom custom\" style=\"border-radius:5px;\"  data-background=\"#ffc200\" data-text=\"#ffffff\" data-background-hover=\"#182678\">\r\n\t\t<span style=\"\">Oferta Ac\u00e1demica <\/span>\r\n\t<\/a><\/div>\r\n\t<div class=\"edukul-spacer clearfix\" data-desktop=\"20\" data-mobi=\"10\" data-smobi=\"10\"><\/div>\r\n\t<div class=\"edukul-spacer clearfix\" data-desktop=\"60\" data-mobi=\"20\" data-smobi=\"20\"><\/div><div class=\"edukul-fancy-img  bg-bottom \" data-in-viewport=\"true\" >\r\n\t\t\t\t<div class=\"edukul-fancy-img-inner\">\r\n\t\t\t\t\t<span class=\"edukul-fancy-img-bg\"><\/span>\r\n\r\n\t\t\t\t\t<div class=\"edukul-fancy-img-holder\" style=\"\">\r\n\t\t\t\t\t\t<img decoding=\"async\" alt=\"image\" src=\"https:\/\/odontointegramx.com\/wp-content\/uploads\/2022\/08\/Que_Hacemos.jpg\" \/> \r\n\t\t\t\t\t<\/div>\r\n\t\t\t\t<\/div>\r\n\t\t\t<\/div>\r\n\t<div class=\"edukul-spacer clearfix\" data-desktop=\"20\" data-mobi=\"5\" data-smobi=\"5\"><\/div><div class=\"edukul-headings clearfix \" data-font=55 data-mfont=36 style=\"\"><h2 class=\"heading clearfix \" style=\"color:#2d2d2d;max-width:800px;margin-bottom:25px;font-size:55px;\">\r\n\t\t\u00bfQu\u00e9 hacemos por ti?\r\n\t<\/h2><p class=\"sub-heading clearfix\" style=\"font-style:normal;color:#4f4f4f;\">\r\n\t\tEn Odontointegra contamos con m\u00e1s de 12 a\u00f1os de experiencia impulsando el desarrollo de profesionistas a trav\u00e9s de programas de actualizaci\u00f3n y educaci\u00f3n continua bajo las principales \u00e1reas de estudio dentro del gremio como lo son: <b> Rehabilitaci\u00f3n, Pr\u00f3tesis, Est\u00e9tica, Prevenci\u00f3n, Ortodoncia, Farmacolog\u00eda, Cirug\u00eda, Marketing y estrategias de Desarrollo de Negocios <\/b> para fortalecer tu consultorio e incrementar tanto tus conocimientos, resultados y la satisfacci\u00f3n de tus pacientes\r\n\t<\/p><\/div>\r\n\t<div class=\"edukul-spacer clearfix\" data-desktop=\"20\" data-mobi=\"5\" data-smobi=\"5\"><\/div><div class=\"button-wrap icon-right wow fadeInUp\" style=\"\"  data-wow-duration=\"0.75s\" data-wow-delay=\"0.3s\"><a href=\"https:\/\/odontointegramx.com\/index.php\/oferta-academica\/\" target=\"_self\" class=\"edukul-button btn-666361925 medium icon_style_1 custom custom\" style=\"border-radius:5px;\"  data-background=\"#ffc200\" data-text=\"#ffffff\" data-background-hover=\"#182678\">\r\n\t\t<span style=\"\">Oferta Ac\u00e1demica <\/span>\r\n\t<\/a><\/div>\r\n\t<div class=\"edukul-spacer clearfix\" data-desktop=\"20\" data-mobi=\"5\" data-smobi=\"5\"><\/div>[\/vc_column_inner][\/vc_row_inner]\r\n\t<div class=\"edukul-spacer clearfix\" data-desktop=\"130\" data-mobi=\"10\" data-smobi=\"10\"><\/div>[\/vc_column][\/vc_row][vc_row full_width=\u00bbstretch_row\u00bb css=\u00bb.vc_custom_1574406428111{background-color: #151948 !important;}\u00bb][vc_column]\r\n\t<div class=\"edukul-spacer clearfix\" data-desktop=\"60\" data-mobi=\"10\" data-smobi=\"10\"><\/div>[vc_row_inner][vc_column_inner width=\u00bb1\/2&#8243;]<div class=\"edukul-content-box clearfix \" data-padding=\"32px 45px 32px 45px\" data-mobipadding=\"32px 45px 32px 45px\" data-margin=\"\" data-mobimargin=\"\" >\r\n\t\t<div class=\"inner ctb-817103670\" style=\"background-position:left top;background-repeat:no-repeat;\"  data-background=\"#1c2156\" data-translatey=\"-5\">\r\n\t\t\t<div class=\"edukul-icon-box clearfix icon-top align-center  simple\" style=\"\" ><div class=\"wrap-inner\" style=\"position: relative;\"><div class=\"image-wrap\" style=\"width:60px;\">\r\n\t\t\t\t<img decoding=\"async\" alt=\"image\" src=\"https:\/\/odontointegramx.com\/wp-content\/uploads\/2022\/08\/Vision.svg\">\r\n\t\t\t<\/div> <h3 class=\"heading  white\" style=\"color:#ffffff;font-size:18px;line-height:26px;\">\r\n\t\t\t<span>Visi\u00f3n<\/span>\r\n\t\t<\/h3><div class=\"desc\" style=\"color:#ffffff;font-size:14px;line-height:30px;\"><div data-elementor-type=\"wp-page\" data-elementor-id=\"9\" class=\"elementor elementor-9\">\n<section class=\"ob-is-breaking-bad elementor-section elementor-top-section elementor-element elementor-element-298a78a elementor-section-full_width elementor-section-stretched elementor-section-height-default elementor-section-height-default\" data-id=\"298a78a\" data-element_type=\"section\" data-settings=\"{&quot;stretch_section&quot;:&quot;section-stretched&quot;,&quot;_ob_bbad_use_it&quot;:&quot;yes&quot;,&quot;_ob_bbad_sssic_use&quot;:&quot;no&quot;,&quot;_ob_glider_is_slider&quot;:&quot;no&quot;}\">\n<div class=\"elementor-container elementor-column-gap-default\">\n<div class=\"elementor-column elementor-col-50 elementor-top-column elementor-element elementor-element-d75d92e ob-is-e3\" data-id=\"d75d92e\" data-element_type=\"column\" data-settings=\"{&quot;background_background&quot;:&quot;classic&quot;,&quot;_ob_bbad_is_stalker&quot;:&quot;no&quot;,&quot;_ob_teleporter_use&quot;:false,&quot;_ob_column_hoveranimator&quot;:&quot;no&quot;,&quot;_ob_column_has_pseudo&quot;:&quot;no&quot;}\">\n<div class=\"elementor-widget-wrap elementor-element-populated\">\n<div class=\"elementor-element elementor-element-5dda099 elementor-view-default elementor-mobile-position-top elementor-vertical-align-top ob-has-background-overlay elementor-widget elementor-widget-icon-box\" data-id=\"5dda099\" data-element_type=\"widget\" data-settings=\"{&quot;_ob_perspektive_use&quot;:&quot;no&quot;,&quot;_ob_poopart_use&quot;:&quot;yes&quot;,&quot;_ob_shadough_use&quot;:&quot;no&quot;,&quot;_ob_allow_hoveranimator&quot;:&quot;no&quot;,&quot;_ob_widget_stalker_use&quot;:&quot;no&quot;}\" data-widget_type=\"icon-box.default\">\n<div class=\"elementor-widget-container\">\n<div class=\"elementor-icon-box-wrapper\">\n<div class=\"elementor-icon-box-content\">\n<p class=\"elementor-icon-box-title\" style=\"text-align: center;\"><span><strong>Tu meta tambi\u00e9n es la nuestra<\/strong><br \/>\n<\/span><\/p>\n<p class=\"elementor-icon-box-description\" style=\"text-align: center;\">Otorgar conocimiento especializado a trav\u00e9s de la Educaci\u00f3n Continua a los profesionales de la Salud Bucal.<\/p>\n<\/div>\n<\/div>\n<\/div>\n<\/div>\n<\/div>\n<\/div>\n<\/div>\n<\/section>\n<\/div>\n<\/div> <\/div><\/div>\r\n\t\t<\/div>\r\n\t<\/div>[\/vc_column_inner][vc_column_inner width=\u00bb1\/2&#8243;]<div class=\"edukul-content-box clearfix \" data-padding=\"32px 45px 32px 45px\" data-mobipadding=\"32px 45px 32px 45px\" data-margin=\"\" data-mobimargin=\"\" >\r\n\t\t<div class=\"inner ctb-1828588659\" style=\"background-position:left top;background-repeat:no-repeat;\"  data-background=\"#1c2156\" data-translatey=\"-5\">\r\n\t\t\t<div class=\"edukul-icon-box clearfix icon-top align-center  simple\" style=\"\" ><div class=\"wrap-inner\" style=\"position: relative;\"><div class=\"image-wrap\" style=\"width:60px;\">\r\n\t\t\t\t<img decoding=\"async\" alt=\"image\" src=\"https:\/\/odontointegramx.com\/wp-content\/uploads\/2022\/08\/Mision.svg\">\r\n\t\t\t<\/div> <h3 class=\"heading  white\" style=\"color:#ffffff;font-size:18px;line-height:26px;\">\r\n\t\t\t<span>Misi\u00f3n<\/span>\r\n\t\t<\/h3><div class=\"desc\" style=\"color:#ffffff;font-size:14px;line-height:30px;\"><p style=\"text-align: center;\"><strong>Nuestro compromiso es contigo<\/strong><\/p>\n<p style=\"text-align: center;\">Lograr la mejor y mayor oferta de cursos en el a\u00f1o para nuestros odont\u00f3logos.<\/p>\n<\/div> <\/div><\/div>\r\n\t\t<\/div>\r\n\t<\/div>[\/vc_column_inner][\/vc_row_inner]\r\n\t<div class=\"edukul-spacer clearfix\" data-desktop=\"60\" data-mobi=\"10\" data-smobi=\"10\"><\/div>[\/vc_column][\/vc_row]\n","protected":false},"excerpt":{"rendered":"<p>[vc_row full_width=\u00bbstretch_row\u00bb css=\u00bb.vc_custom_1663180532264{margin-top: 40px !important;}\u00bb][vc_column][vc_row_inner][vc_column_inner][\/vc_column_inner][\/vc_row_inner][\/vc_column][\/vc_row][vc_row full_width=\u00bbstretch_row\u00bb css=\u00bb.vc_custom_1574406428111{background-color: #151948 !important;}\u00bb][vc_column][vc_row_inner][vc_column_inner width=\u00bb1\/2&#8243;][\/vc_column_inner][vc_column_inner width=\u00bb1\/2&#8243;][\/vc_column_inner][\/vc_row_inner][\/vc_column][\/vc_row]<\/p>\n","protected":false},"author":1,"featured_media":0,"parent":0,"menu_order":0,"comment_status":"closed","ping_status":"closed","template":"","meta":{"footnotes":""},"_links":{"self":[{"href":"https:\/\/odontointegramx.com\/index.php\/wp-json\/wp\/v2\/pages\/19200"}],"collection":[{"href":"https:\/\/odontointegramx.com\/index.php\/wp-json\/wp\/v2\/pages"}],"about":[{"href":"https:\/\/odontointegramx.com\/index.php\/wp-json\/wp\/v2\/types\/page"}],"author":[{"embeddable":true,"href":"https:\/\/odontointegramx.com\/index.php\/wp-json\/wp\/v2\/users\/1"}],"replies":[{"embeddable":true,"href":"https:\/\/odontointegramx.com\/index.php\/wp-json\/wp\/v2\/comments?post=19200"}],"version-history":[{"count":76,"href":"https:\/\/odontointegramx.com\/index.php\/wp-json\/wp\/v2\/pages\/19200\/revisions"}],"predecessor-version":[{"id":19723,"href":"https:\/\/odontointegramx.com\/index.php\/wp-json\/wp\/v2\/pages\/19200\/revisions\/19723"}],"wp:attachment":[{"href":"https:\/\/odontointegramx.com\/index.php\/wp-json\/wp\/v2\/media?parent=19200"}],"curies":[{"name":"wp","href":"https:\/\/api.w.org\/{rel}","templated":true}]}}